{"id":1300,"date":"2016-10-27T19:22:06","date_gmt":"2016-10-27T19:22:06","guid":{"rendered":"http:\/\/www.ldfm.ca\/rates-and-quotes\/"},"modified":"2024-01-08T17:38:17","modified_gmt":"2024-01-08T17:38:17","slug":"estimation","status":"publish","type":"page","link":"https:\/\/www.ldfm.ca\/fr\/estimation\/","title":{"rendered":"Estimation"},"content":{"rendered":"<div class=\"wpb-content-wrapper\"><p>[vc_row][vc_column][vc_column_text]<\/p>\n<h2>Tarifs<\/h2>\n<p>[\/vc_column_text][vc_column_text]Nos clients sont factur\u00e9s \u00e0 un taux horaire d\u00e9termin\u00e9 par diff\u00e9rents facteurs, notamment la taille de notre \u00e9quipe d\u00e9ploy\u00e9e, la distance \u00e0 parcourir, la dur\u00e9e du d\u00e9m\u00e9nagement et l\u2019environnement de travail (ex\u00a0: la pr\u00e9sence d\u2019un ascenseur, d\u2019un stationnement, d\u2019un espace \u00e9troit, de plusieurs vol\u00e9es d\u2019escaliers, etc.). Gardez toutefois \u00e0 l\u2019id\u00e9e que nos tarifs incluent toujours les suivants\u00a0:[\/vc_column_text][vc_row_inner][vc_column_inner width=&#8221;1\/2&#8243;][vc_column_text]<\/p>\n<ul>\n<li>Camion(s), essence, d\u00e9m\u00e9nageurs<\/li>\n<li>\u00c9valuation gratuite sur place<\/li>\n<li>Chargement, transport, livraison et d\u00e9chargement<\/li>\n<li>D\u00e9montage et remontage des meubles, si n\u00e9cessaire<\/li>\n<\/ul>\n<p>[\/vc_column_text][\/vc_column_inner][vc_column_inner width=&#8221;1\/2&#8243;][vc_column_text]<\/p>\n<ul>\n<li>Protection des meubles avec une pellicule plastique et des couvertures<\/li>\n<li>Chariots, outils, couvertures matelass\u00e9es, ruban adh\u00e9sif et pellicule plastique<\/li>\n<li>D\u00e9connexion des appareils \u00e9lectrom\u00e9nagers (four, r\u00e9frig\u00e9rateur, laveuse, s\u00e9cheuse, etc.)<\/li>\n<li>Placement des meubles \u00e0 votre nouvelle destination<\/li>\n<\/ul>\n<p>[\/vc_column_text][\/vc_column_inner][\/vc_row_inner][vc_btn title=&#8221;Contactez-nous aujourd\u2019hui pour obtenir votre estimation personnalis\u00e9e! &#8221; style=&#8221;flat&#8221; color=&#8221;blue&#8221; align=&#8221;center&#8221; button_block=&#8221;true&#8221; css=&#8221;.vc_custom_1484894463745{margin-top: 25px !important;}&#8221; link=&#8221;url:http%3A%2F%2Fwww.ldfm.ca%2Ffr%2Fdemander-une-estimation%2F||&#8221;][vc_separator][\/vc_column][\/vc_row][vc_row gap=&#8221;5&#8243;][vc_column][vc_column_text]<\/p>\n<h2>Estimation<\/h2>\n<p>[\/vc_column_text][vc_column_text]Afin que nous puissions correctement \u00e9valuer votre demande, veuillez s&#8217;il vous pla\u00eet prendre quelques minutes pour compl\u00e9ter le formulaire d\u2019estimation suivant:[\/vc_column_text][vc_btn title=&#8221;Estimation&#8221; style=&#8221;flat&#8221; color=&#8221;blue&#8221; align=&#8221;center&#8221; button_block=&#8221;true&#8221; link=&#8221;url:http%3A%2F%2Fwww.ldfm.ca%2Ffr%2Fdemander-une-estimation%2F|title:Request%20a%20Quote|&#8221;][\/vc_column][\/vc_row]<\/p>\n<\/div>","protected":false},"excerpt":{"rendered":"<p>[vc_row][vc_column][vc_column_text] Tarifs [\/vc_column_text][vc_column_text]Nos clients sont factur\u00e9s \u00e0 un taux horaire d\u00e9termin\u00e9 par diff\u00e9rents facteurs, notamment la taille de notre \u00e9quipe d\u00e9ploy\u00e9e, la distance \u00e0 parcourir, la dur\u00e9e du d\u00e9m\u00e9nagement et l\u2019environnement de travail (ex\u00a0: la pr\u00e9sence d\u2019un ascenseur, d\u2019un stationnement, d\u2019un espace \u00e9troit, de plusieurs vol\u00e9es d\u2019escaliers, etc.). Gardez toutefois \u00e0 l\u2019id\u00e9e que nos tarifs<\/p>\n","protected":false},"author":1,"featured_media":0,"parent":0,"menu_order":0,"comment_status":"closed","ping_status":"closed","template":"","meta":{"footnotes":""},"class_list":["post-1300","page","type-page","status-publish","hentry"],"_links":{"self":[{"href":"https:\/\/www.ldfm.ca\/fr\/wp-json\/wp\/v2\/pages\/1300","targetHints":{"allow":["GET"]}}],"collection":[{"href":"https:\/\/www.ldfm.ca\/fr\/wp-json\/wp\/v2\/pages"}],"about":[{"href":"https:\/\/www.ldfm.ca\/fr\/wp-json\/wp\/v2\/types\/page"}],"author":[{"embeddable":true,"href":"https:\/\/www.ldfm.ca\/fr\/wp-json\/wp\/v2\/users\/1"}],"replies":[{"embeddable":true,"href":"https:\/\/www.ldfm.ca\/fr\/wp-json\/wp\/v2\/comments?post=1300"}],"version-history":[{"count":3,"href":"https:\/\/www.ldfm.ca\/fr\/wp-json\/wp\/v2\/pages\/1300\/revisions"}],"predecessor-version":[{"id":1308,"href":"https:\/\/www.ldfm.ca\/fr\/wp-json\/wp\/v2\/pages\/1300\/revisions\/1308"}],"wp:attachment":[{"href":"https:\/\/www.ldfm.ca\/fr\/wp-json\/wp\/v2\/media?parent=1300"}],"curies":[{"name":"wp","href":"https:\/\/api.w.org\/{rel}","templated":true}]}}