{"id":1275,"date":"2015-12-14T07:14:55","date_gmt":"2015-12-14T07:14:55","guid":{"rendered":"http:\/\/www.ldfm.ca\/sample-page-2\/"},"modified":"2024-01-08T17:34:58","modified_gmt":"2024-01-08T17:34:58","slug":"sample-page-2","status":"publish","type":"page","link":"https:\/\/www.ldfm.ca\/fr\/","title":{"rendered":"Accueil"},"content":{"rendered":"<div class=\"wpb-content-wrapper\"><p>[vc_row css=&#8221;.vc_custom_1450677977665{margin-bottom: 0px !important;}&#8221;][vc_column offset=&#8221;vc_hidden-xs&#8221;][rev_slider_vc alias=&#8221;ldfm-fr&#8221;][\/vc_column][\/vc_row][vc_row full_width=&#8221;stretch_row&#8221; el_class=&#8221;third_bg_color&#8221; css=&#8221;.vc_custom_1450692516354{margin-bottom: 60px !important;}&#8221;][vc_column][vc_cta h2=&#8221;Besoin d&#8217;un devis pour d\u00e9m\u00e9nager? Contactez nous!&#8221; h2_font_container=&#8221;font_size:20px|color:%23000000|line_height:24px&#8221; h2_use_theme_fonts=&#8221;yes&#8221; shape=&#8221;square&#8221; style=&#8221;flat&#8221; add_button=&#8221;right&#8221; btn_title=&#8221;Obtenir un estimation&#8221; btn_style=&#8221;flat&#8221; btn_color=&#8221;theme_style_2&#8243; btn_align=&#8221;right&#8221; btn_i_align=&#8221;right&#8221; btn_i_icon_fontawesome=&#8221;fa fa-chevron-right&#8221; use_custom_fonts_h2=&#8221;true&#8221; btn_button_block=&#8221;true&#8221; btn_add_icon=&#8221;true&#8221; el_class=&#8221;third_bg_color&#8221; css=&#8221;.vc_custom_1484891202103{margin-bottom: 0px !important;}&#8221; h2_link=&#8221;url:http%3A%2F%2Fwww.ldfm.ca%2Frequest-a-quote%2F|title:Request%20a%20Quote|&#8221; btn_link=&#8221;url:http%3A%2F%2Fwww.ldfm.ca%2Frates-and-quotes%2F||&#8221;][\/vc_cta][\/vc_column][\/vc_row][vc_row css=&#8221;.vc_custom_1450856873482{margin-bottom: 37px !important;}&#8221;][vc_column width=&#8221;1\/3&#8243;][stm_animation_block animation=&#8221;fadeInUp&#8221; animation_duration=&#8221;1&#8243; animation_delay=&#8221;0.05&#8243;][stm_info_box style=&#8221;style_3&#8243; title_icon=&#8221;stm-user&#8221; icon=&#8221;fa fa-chevron-right&#8221; title=&#8221;Qui sommes-nous&#8221; image=&#8221;1169&#8243; link=&#8221;url:http%3A%2F%2Fwww.ldfm.ca%2Fcompany-overview%2Fwho-we-are%2F|title:En%20savoir%20plus|&#8221;]En savoir plus sur notre \u00e9quipe[\/stm_info_box][\/stm_animation_block][\/vc_column][vc_column width=&#8221;1\/3&#8243;][stm_animation_block animation=&#8221;fadeInUp&#8221; animation_duration=&#8221;1&#8243; animation_delay=&#8221;0&#8243;][stm_info_box style=&#8221;style_3&#8243; title_icon=&#8221;stm-stm14_calc&#8221; icon=&#8221;stm-stm14_calc&#8221; title=&#8221;Demander une citation&#8221; image=&#8221;1168&#8243; link=&#8221;url:http%3A%2F%2Fwww.ldfm.ca%2Frates-and-quotes%2F|title:En%20savoir%20plus|&#8221;]Vous souhaitez connaitre le co\u00fbt de votre d\u00e9m\u00e9nagement ? Cliquez ici pour demander une estimation ![\/stm_info_box][\/stm_animation_block][\/vc_column][vc_column width=&#8221;1\/3&#8243;][stm_animation_block animation=&#8221;fadeInUp&#8221; animation_duration=&#8221;1&#8243; animation_delay=&#8221;0.1&#8243;][stm_info_box style=&#8221;style_3&#8243; title_icon=&#8221;fa fa-question&#8221; icon=&#8221;fa fa-chevron-right&#8221; title=&#8221;Conseils et ressources&#8221; image=&#8221;1171&#8243; link=&#8221;url:http%3A%2F%2Fwww.ldfm.ca%2Ftips-and-resources%2F|title:En%20savoir%20plus|&#8221;]Avant que vous ne commencez l&#8217;emballage de vos biens, lisez ces quelques conseils et ressources utiles que nous avons pris le soin de partager avec vous ![\/stm_info_box][\/stm_animation_block][\/vc_column][\/vc_row][vc_row full_width=&#8221;stretch_row&#8221; css=&#8221;.vc_custom_1451476985704{padding-top: 53px !important;padding-bottom: 70px !important;background-color: #f2f2f2 !important;}&#8221;][vc_column][vc_custom_heading text=&#8221;Les D\u00e9m\u00e9nageurs Frederick est fi\u00e8re de supporter les entreprises et organisations suivantes&#8221; font_container=&#8221;tag:h2|font_size:45px|text_align:center|line_height:60px&#8221; use_theme_fonts=&#8221;yes&#8221; el_class=&#8221;base_font_color&#8221; css=&#8221;.vc_custom_1486524082592{margin-bottom: 28px !important;}&#8221;][vc_row_inner][vc_column_inner width=&#8221;1\/3&#8243;][vc_single_image image=&#8221;1223&#8243; img_size=&#8221;full&#8221; alignment=&#8221;right&#8221; onclick=&#8221;custom_link&#8221; img_link_target=&#8221;_blank&#8221; link=&#8221;http:\/\/www.montrealcommunitycares.com&#8221;][vc_raw_html]JTNDaDMlMjBzdHlsZSUzRCUyMnRleHQtYWxpZ24lM0RjZW50ZXIlM0IlMjIlM0UlM0NhJTIwaHJlZiUzRCUyMmh0dHAlM0ElMkYlMkZ3d3cubW9udHJlYWxjb21tdW5pdHljYXJlcy5jb20lMjIlMjB0YXJnZXQlM0QlMjJfbmV3JTIyJTNFTW9udHJlYWwlMjBDb21tdW5pdHklMjBDYXJlcyUzQyUyRmElM0UlM0MlMkZoMyUzRQ==[\/vc_raw_html][\/vc_column_inner][vc_column_inner width=&#8221;1\/3&#8243;][vc_single_image image=&#8221;1224&#8243; img_size=&#8221;full&#8221; alignment=&#8221;center&#8221; onclick=&#8221;custom_link&#8221; img_link_target=&#8221;_blank&#8221; link=&#8221;http:\/\/www.mavendigitalmedia.com&#8221;][vc_raw_html]JTNDaDMlMjBzdHlsZSUzRCUyMnRleHQtYWxpZ24lM0RjZW50ZXIlM0IlMjIlM0UlM0NhJTIwaHJlZiUzRCUyMmh0dHAlM0ElMkYlMkZ3d3cubWF2ZW5kaWdpdGFsbWVkaWEuY29tJTIyJTIwdGFyZ2V0JTNEJTIyX25ldyUyMiUzRU1hdmVuJTIwRGlnaXRhbCUyME1lZGlhJTNDJTJGYSUzRSUzQyUyRmgzJTNF[\/vc_raw_html][\/vc_column_inner][vc_column_inner width=&#8221;1\/3&#8243;][vc_single_image image=&#8221;1333&#8243; img_size=&#8221;full&#8221;][vc_raw_html]JTNDaDMlMjBzdHlsZSUzRCUyMnRleHQtYWxpZ24lM0RjZW50ZXIlM0IlMjIlM0VTYWxvbiUyMEJyYWlkcyUyMCUyNiUyMEZhZGVzJTNDJTJGaDMlM0U=[\/vc_raw_html][\/vc_column_inner][\/vc_row_inner][\/vc_column][\/vc_row][vc_row full_width=&#8221;stretch_row&#8221; el_class=&#8221;overlay fixed_bg&#8221; css=&#8221;.vc_custom_1477939562138{margin-bottom: 53px !important;padding-top: 110px !important;padding-bottom: 81px !important;background-image: url(http:\/\/www.ldfm.ca\/wp-content\/uploads\/2015\/12\/moving-boxes.jpg?id=1180) !important;background-position: center !important;background-repeat: no-repeat !important;background-size: cover !important;}&#8221;][vc_column][vc_row_inner][vc_column_inner][vc_custom_heading icon=&#8221;stm-check&#8221; icon_size=&#8221;67&#8243; text=&#8221;<mark>Rendez votre d\u00e9m\u00e9nagement facile<\/mark><br \/>\net faites-le comme il faut !&#8221; font_container=&#8221;tag:h4|font_size:45px|text_align:left|color:%23ffffff|line_height:45px&#8221; google_fonts=&#8221;font_family:Poppins%3A300%2Cregular%2C500%2C600%2C700|font_style:700%20bold%3A700%3Anormal&#8221; custom_icon=&#8221;stm-check&#8221; css=&#8221;.vc_custom_1486524105229{margin-bottom: 61px !important;}&#8221; el_class=&#8221;no_stripe&#8221;][\/vc_column_inner][\/vc_row_inner][vc_row_inner][vc_column_inner width=&#8221;1\/6&#8243; offset=&#8221;vc_col-lg-offset-1&#8243;][stm_stats_counter counter_value=&#8221;175&#8243; title=&#8221;D\u00e9m\u00e9nagements termin\u00e9s&#8221;][\/vc_column_inner][vc_column_inner width=&#8221;1\/6&#8243;][stm_stats_counter counter_value=&#8221;3614&#8243; title=&#8221;Bo\u00eetes lev\u00e9es&#8221;][\/vc_column_inner][vc_column_inner width=&#8221;1\/6&#8243;][stm_stats_counter counter_value=&#8221;100&#8243; counter_value_suf=&#8221;%&#8221; title=&#8221;Clients satisfaits&#8221;][\/vc_column_inner][\/vc_row_inner][\/vc_column][\/vc_row][vc_row css=&#8221;.vc_custom_1477939774380{margin-bottom: 35px !important;}&#8221;][vc_column][vc_custom_heading text=&#8221;T\u00e9moignages&#8221; font_container=&#8221;tag:h2|font_size:45px|text_align:center|line_height:60px&#8221; use_theme_fonts=&#8221;yes&#8221; el_class=&#8221;base_font_color&#8221; css=&#8221;.vc_custom_1484890218707{margin-bottom: 76px !important;}&#8221;][stm_testimonials_carousel style=&#8221;style_2&#8243; count=&#8221;6&#8243; per_row=&#8221;2&#8243; autoplay_carousel=&#8221;yes&#8221; link=&#8221;url:http%3A%2F%2Fconsulting.stylemixthemes.com\/demo%2Ftestimonials-page%2F||&#8221;][\/vc_column][\/vc_row][vc_row full_width=&#8221;stretch_row&#8221; el_class=&#8221;overlay_2 fixed_bg&#8221; css=&#8221;.vc_custom_1480345644868{padding-top: 66px !important;padding-bottom: 66px !important;background-image: url(http:\/\/www.ldfm.ca\/wp-content\/uploads\/2015\/12\/moving-boxes.jpg?id=1180) !important;background-position: center !important;background-repeat: no-repeat !important;background-size: cover !important;}&#8221;][vc_column][vc_custom_heading text=&#8221;Nous tiendrons <mark>notre promesse <\/mark>&#8221; font_container=&#8221;tag:div|font_size:28px|text_align:center|color:%23ffffff|line_height:34px&#8221; google_fonts=&#8221;font_family:Poppins%3A300%2Cregular%2C500%2C600%2C700|font_style:700%20bold%3A700%3Anormal&#8221;][\/vc_column][\/vc_row]<\/p>\n<\/div>","protected":false},"excerpt":{"rendered":"<p>[vc_row css=&#8221;.vc_custom_1450677977665{margin-bottom: 0px !important;}&#8221;][vc_column offset=&#8221;vc_hidden-xs&#8221;][rev_slider_vc alias=&#8221;ldfm-fr&#8221;][\/vc_column][\/vc_row][vc_row full_width=&#8221;stretch_row&#8221; el_class=&#8221;third_bg_color&#8221; css=&#8221;.vc_custom_1450692516354{margin-bottom: 60px !important;}&#8221;][vc_column][vc_cta h2=&#8221;Besoin d&#8217;un devis pour d\u00e9m\u00e9nager? Contactez nous!&#8221; h2_font_container=&#8221;font_size:20px|color:%23000000|line_height:24px&#8221; h2_use_theme_fonts=&#8221;yes&#8221; shape=&#8221;square&#8221; style=&#8221;flat&#8221; add_button=&#8221;right&#8221; btn_title=&#8221;Obtenir un estimation&#8221; btn_style=&#8221;flat&#8221; btn_color=&#8221;theme_style_2&#8243; btn_align=&#8221;right&#8221; btn_i_align=&#8221;right&#8221; btn_i_icon_fontawesome=&#8221;fa fa-chevron-right&#8221; use_custom_fonts_h2=&#8221;true&#8221; btn_button_block=&#8221;true&#8221; btn_add_icon=&#8221;true&#8221; el_class=&#8221;third_bg_color&#8221; css=&#8221;.vc_custom_1484891202103{margin-bottom: 0px !important;}&#8221; h2_link=&#8221;url:http%3A%2F%2Fwww.ldfm.ca%2Frequest-a-quote%2F|title:Request%20a%20Quote|&#8221; btn_link=&#8221;url:http%3A%2F%2Fwww.ldfm.ca%2Frates-and-quotes%2F||&#8221;][\/vc_cta][\/vc_column][\/vc_row][vc_row css=&#8221;.vc_custom_1450856873482{margin-bottom: 37px !important;}&#8221;][vc_column width=&#8221;1\/3&#8243;][stm_animation_block animation=&#8221;fadeInUp&#8221; animation_duration=&#8221;1&#8243; animation_delay=&#8221;0.05&#8243;][stm_info_box style=&#8221;style_3&#8243; title_icon=&#8221;stm-user&#8221; icon=&#8221;fa fa-chevron-right&#8221; title=&#8221;Qui sommes-nous&#8221; image=&#8221;1169&#8243;<\/p>\n","protected":false},"author":1,"featured_media":0,"parent":0,"menu_order":0,"comment_status":"closed","ping_status":"closed","template":"","meta":{"footnotes":""},"class_list":["post-1275","page","type-page","status-publish","hentry"],"_links":{"self":[{"href":"https:\/\/www.ldfm.ca\/fr\/wp-json\/wp\/v2\/pages\/1275","targetHints":{"allow":["GET"]}}],"collection":[{"href":"https:\/\/www.ldfm.ca\/fr\/wp-json\/wp\/v2\/pages"}],"about":[{"href":"https:\/\/www.ldfm.ca\/fr\/wp-json\/wp\/v2\/types\/page"}],"author":[{"embeddable":true,"href":"https:\/\/www.ldfm.ca\/fr\/wp-json\/wp\/v2\/users\/1"}],"replies":[{"embeddable":true,"href":"https:\/\/www.ldfm.ca\/fr\/wp-json\/wp\/v2\/comments?post=1275"}],"version-history":[{"count":9,"href":"https:\/\/www.ldfm.ca\/fr\/wp-json\/wp\/v2\/pages\/1275\/revisions"}],"predecessor-version":[{"id":1388,"href":"https:\/\/www.ldfm.ca\/fr\/wp-json\/wp\/v2\/pages\/1275\/revisions\/1388"}],"wp:attachment":[{"href":"https:\/\/www.ldfm.ca\/fr\/wp-json\/wp\/v2\/media?parent=1275"}],"curies":[{"name":"wp","href":"https:\/\/api.w.org\/{rel}","templated":true}]}}