{"id":1266,"date":"2016-10-27T20:07:55","date_gmt":"2016-10-27T20:07:55","guid":{"rendered":"http:\/\/www.ldfm.ca\/tips-and-resources\/"},"modified":"2024-01-08T17:38:09","modified_gmt":"2024-01-08T17:38:09","slug":"conseils-et-ressources","status":"publish","type":"page","link":"https:\/\/www.ldfm.ca\/fr\/conseils-et-ressources\/","title":{"rendered":"Conseils et ressources"},"content":{"rendered":"<div class=\"wpb-content-wrapper\"><p>[vc_row][vc_column][vc_custom_heading text=&#8221;Voici quelques conseils utiles des D\u00e9m\u00e9nageurs Frederick&#8221; font_container=&#8221;tag:h2|text_align:center&#8221; google_fonts=&#8221;font_family:Montserrat%3Aregular%2C700|font_style:400%20regular%3A400%3Anormal&#8221;][vc_column_text]Le d\u00e9m\u00e9nagement est consid\u00e9r\u00e9 comme l\u2019un des \u00e9v\u00e8nements les plus stressants de la vie d\u2019une personne. \u00c0 son meilleur, il peut m\u00eame \u00eatre \u00e9puisant\u00a0! Chez <em>Les D\u00e9m\u00e9nageurs Frederick<\/em>, nous savons que la pr\u00e9paration et l\u2019organisation sont essentielles au d\u00e9m\u00e9nagement\u00a0libre de tout stress. Suivez ces conseils afin que nous puissions passer \u00e0 travers ce processus en douceur et que vous soyez enfin pr\u00eats \u00e0 profiter de votre nouvelle demeure![\/vc_column_text][\/vc_column][\/vc_row][vc_row][vc_column][vc_separator style=&#8221;double&#8221; css=&#8221;.vc_custom_1477599306976{margin-top: 25px !important;margin-bottom: 25px !important;}&#8221;][\/vc_column][\/vc_row][vc_row][vc_column][vc_toggle title=&#8221;Organisez-vous \u00e0 l\u2019avance&#8221; open=&#8221;true&#8221; el_id=&#8221;1477598949450-66195d36-2341&#8243;]Ne laissez rien \u00e0 la derni\u00e8re minute. Payer ce d\u00e9p\u00f4t sugg\u00e9rerait qu&#8217;il est donc temps de planifier votre d\u00e9part, afin de vous assurer que le jour de votre d\u00e9m\u00e9nagement se d\u00e9roule avec aisance et facilit\u00e9. Faites une liste de t\u00e2ches d\u00e9taill\u00e9e de tout ce que vous aurez \u00e0 accomplir pour mener \u00e0 terme le d\u00e9m\u00e9nagement<strong>. <\/strong>C\u2019est-\u00e0-dire\u00a0:<strong> aucun emballage de derni\u00e8re minute le jour du d\u00e9m\u00e9nagement\u00a0!<\/strong> Vous devrez donc \u00eatre enti\u00e8rement pr\u00eats 24 heures \u00e0 l\u2019avance.\u00a0Le fait de rouvrir les bo\u00eetes et de les retravailler lorsque notre \u00e9quipe sera chez vous retardera votre d\u00e9m\u00e9nagement et augmentera vos co\u00fbts.[\/vc_toggle][vc_toggle title=&#8221;Gardez tout le monde inform\u00e9&#8221; open=&#8221;true&#8221; el_id=&#8221;1477598949478-e3f7f449-6b40&#8243;]Nous devons \u00eatre avis\u00e9s de tous les petits d\u00e9tails, afin d\u2019\u00e9valuer avec pr\u00e9cision le temps de d\u00e9placement n\u00e9cessaire et le co\u00fbt total du d\u00e9m\u00e9nagement. Cela inclut donc le fait de nous informer des biens \u00e0 surcharge (ex\u00a0: r\u00e9frig\u00e9rateur ou piano), des restrictions d&#8217;acc\u00e8s (ex\u00a0: petit ascenseur, acc\u00e8s par escaliers seulement, all\u00e9e \u00e9troite) ou d\u2019un besoin d\u2019assistance de d\u00e9sassemblage ou de montage de meubles. S&#8217;IL VOUS PLA\u00ceT, n\u2019oubliez pas de nous mentionner la pr\u00e9sence d\u2019un barbecue sur le balcon, d\u2019une unit\u00e9 de entreposage hors de vue, ou d\u2019un cabanon dans la cour arri\u00e8re dans lequel se trouve des effets \u00e0 transporter! Par ailleurs, il est primordial que vous avisiez les administrateurs de votre immeuble de votre d\u00e9m\u00e9nagement, puisque certains clients peuvent parfois \u00eatre surpris d\u2019apprendre qu\u2019il leur est interdit de d\u00e9m\u00e9nager certains jours de la semaine ou \u00e0 des moments particuliers.[\/vc_toggle][vc_toggle title=&#8221;Emballez comme un pro!&#8221; open=&#8221;true&#8221; el_id=&#8221;1477598949540-4a9dc14e-0cac&#8221;]<\/p>\n<div class=\"wpb_column vc_column_container vc_col-sm-6\">\n<div class=\"vc_column-inner \">\n<div class=\"wpb_wrapper\">\n<div class=\"wpb_text_column wpb_content_element \">\n<div class=\"wpb_wrapper\">\n<ul>\n<li>Enveloppez les objets fragiles avec du papier avant de les placer dans des bo\u00eetes<\/li>\n<li>Empilez votre vaisselle \u00e0 la verticale et non \u00e0 l\u2019horizontale<\/li>\n<li>\u00c9tiquetez toutes les boites sur le c\u00f4t\u00e9 (code couleur qui distingue chacune des pi\u00e8ces, afin de savoir dans quelle pi\u00e8ce elles doivent \u00eatre plac\u00e9es)<\/li>\n<li>\u00c9vitez toute bo\u00eete de plus 30lbs (placez les objets lourds dans de petites bo\u00eetes et les objets l\u00e9gers dans de plus grandes bo\u00eetes)<\/li>\n<li>Utilisez des valises pour vos objets les plus lourds (les poign\u00e9es et les roues facilitent le transport)<\/li>\n<li>Minimisez l\u2019utilisation des bo\u00eetes sans couvercle, puisqu\u2019elles ne peuvent \u00eatre empil\u00e9es<\/li>\n<li>D\u00e9montez les gros meubles, si possible<\/li>\n<li>Videz compl\u00e8tement les commodes et les gros meubles (le d\u00e9placement de meubles avec des objets \u00e0 l&#8217;int\u00e9rieur peut compromettre l\u2019assemblage, sans mentionner que cela les rend beaucoup plus lourds!)<\/li>\n<\/ul>\n<\/div>\n<\/div>\n<\/div>\n<\/div>\n<\/div>\n<div class=\"wpb_column vc_column_container vc_col-sm-6\">\n<div class=\"vc_column-inner \">\n<div class=\"wpb_wrapper\">\n<div class=\"wpb_text_column wpb_content_element \">\n<div class=\"wpb_wrapper\">\n<ul>\n<li>Videz votre r\u00e9frig\u00e9rateur et votre cong\u00e9lateur dans des refroidisseurs et d\u00e9branchez-les au moins 8 heures avant le d\u00e9m\u00e9nagement (placez du bicarbonate de soude ou du marc de caf\u00e9 frais sur une plaque \u00e0 biscuits dans le r\u00e9frig\u00e9rateur afin d\u2019\u00e9viter les odeurs ind\u00e9sirables)<\/li>\n<li>Utilisez des cintres pour vos v\u00eatements et empilez-les dans des sacs \u00e0 ordures (le d\u00e9ballage sera alors un jeu d\u2019enfant !)<\/li>\n<li>Utilisez des sacs Ziploc pour vos petits objets importants, tels que les vis, les boulons et les chevilles (lorsque vous assemblerez votre t\u00eate de lit ou votre console murale, ils seront tous dans un m\u00eame sac)<\/li>\n<li>Rassemblez tous vos miroirs, t\u00eates de lit, \u00e9tag\u00e8res et peintures dans un seul endroit, puisqu\u2019ils seront les premiers des petits meubles \u00e0 \u00eatre plac\u00e9s dans le camion<\/li>\n<li>Tentez de ne pas arroser les plantes au moins trois jours avant le d\u00e9m\u00e9nagement (cela \u00e9vitera les fuites d&#8217;eau et all\u00e9gera leur poids)<\/li>\n<li>Attachez les fils \u00e9lectriques de vos \u00e9lectrom\u00e9nagers avec du ruban adh\u00e9sif, tels que les lampes, le climatiseur et le four \u00e0 micro-ondes<\/li>\n<li>Pr\u00e9voyez un sac distinct dans lequel se trouveront vos effets indispensables (ex : articles de toilette, collations, produits de nettoyage) et laissez-nous le d\u00e9poser \u00e0 la toute fin dans le camion pour le garder accessible facilement et rapidement<\/li>\n<\/ul>\n<\/div>\n<\/div>\n<\/div>\n<\/div>\n<\/div>\n<p>[\/vc_toggle][vc_toggle title=&#8221;Assurez-vous que nous puissions effectuer le d\u00e9m\u00e9nagement aussi efficacement que possible&#8221; open=&#8221;true&#8221; el_id=&#8221;1477598949572-0819ba46-ff80&#8243;]<\/p>\n<ul>\n<li>R\u00e9servez un espace de stationnement devant chacun des deux lieux<\/li>\n<li>R\u00e9servez l&#8217;ascenseur dans votre immeuble (une porte qui se referme continuellement sur nous retardera consid\u00e9rablement le processus)<\/li>\n<li>Amenez tous vos petits objets dans une aire commune pr\u00e8s de la sortie, si possibl<\/li>\n<li>Gardez vos outils \u00e0 port\u00e9e de main (nous avons les n\u00f4tres, mais le plus que nous avons, le mieux c\u2019est)<\/li>\n<li>Si possible, enlevez les portes et d\u00e9gagez toutes les entr\u00e9es, afin qu\u2019elles soient libres de toute obstruction (tapis, chaussures, etc.)<\/li>\n<li>Durant les mois d&#8217;hiver, veuillez d\u00e9neiger les passages et y mettre du sel sur la glac<\/li>\n<\/ul>\n<p>[\/vc_toggle][vc_toggle title=&#8221;Consid\u00e9rations finales &#8221; open=&#8221;true&#8221; el_id=&#8221;1477598949632-4489bf1d-978c&#8221;]<\/p>\n<ul>\n<li>Tel que c\u2019est le cas avec la plupart des services, la norme en mati\u00e8re de pourboire dans le secteur du d\u00e9m\u00e9nagement est d\u2019environ 15 \u00e0 20% du co\u00fbt total et devrait refl\u00e9ter votre satisfaction et appr\u00e9ciation \u00e0 l\u2019\u00e9gard du travail et des efforts de votre \u00e9quipe. Cependant, le pourboire demeure \u00e0 votre discr\u00e9tion et n\u2019est pas obligatoire.<\/li>\n<li>Les amis et famille sont plus que les bienvenus afin d\u2019aider \u00e0 transporter et placer les effets pr\u00e8s du camion s\u2019ils le souhaitent et le peuvent, bien \u00e9videmment<\/li>\n<li>Notre \u00e9quipe vous serait incroyablement reconnaissante d\u2019avoir des rafraichissements \u00e0 leur disposition, particuli\u00e8rement lors des chaudes journ\u00e9es d\u2019\u00e9t\u00e9<\/li>\n<li>Souriez, d\u00e9tendez-vous et laissez le reste aux professionnels !<\/li>\n<\/ul>\n<p>[\/vc_toggle][\/vc_column][\/vc_row]<\/p>\n<\/div>","protected":false},"excerpt":{"rendered":"<p>[vc_row][vc_column][vc_custom_heading text=&#8221;Voici quelques conseils utiles des D\u00e9m\u00e9nageurs Frederick&#8221; font_container=&#8221;tag:h2|text_align:center&#8221; google_fonts=&#8221;font_family:Montserrat%3Aregular%2C700|font_style:400%20regular%3A400%3Anormal&#8221;][vc_column_text]Le d\u00e9m\u00e9nagement est consid\u00e9r\u00e9 comme l\u2019un des \u00e9v\u00e8nements les plus stressants de la vie d\u2019une personne. \u00c0 son meilleur, il peut m\u00eame \u00eatre \u00e9puisant\u00a0! Chez Les D\u00e9m\u00e9nageurs Frederick, nous savons que la pr\u00e9paration et l\u2019organisation sont essentielles au d\u00e9m\u00e9nagement\u00a0libre de tout stress. Suivez ces conseils afin<\/p>\n","protected":false},"author":1,"featured_media":0,"parent":0,"menu_order":0,"comment_status":"closed","ping_status":"closed","template":"","meta":{"footnotes":""},"class_list":["post-1266","page","type-page","status-publish","hentry"],"_links":{"self":[{"href":"https:\/\/www.ldfm.ca\/fr\/wp-json\/wp\/v2\/pages\/1266","targetHints":{"allow":["GET"]}}],"collection":[{"href":"https:\/\/www.ldfm.ca\/fr\/wp-json\/wp\/v2\/pages"}],"about":[{"href":"https:\/\/www.ldfm.ca\/fr\/wp-json\/wp\/v2\/types\/page"}],"author":[{"embeddable":true,"href":"https:\/\/www.ldfm.ca\/fr\/wp-json\/wp\/v2\/users\/1"}],"replies":[{"embeddable":true,"href":"https:\/\/www.ldfm.ca\/fr\/wp-json\/wp\/v2\/comments?post=1266"}],"version-history":[{"count":3,"href":"https:\/\/www.ldfm.ca\/fr\/wp-json\/wp\/v2\/pages\/1266\/revisions"}],"predecessor-version":[{"id":1312,"href":"https:\/\/www.ldfm.ca\/fr\/wp-json\/wp\/v2\/pages\/1266\/revisions\/1312"}],"wp:attachment":[{"href":"https:\/\/www.ldfm.ca\/fr\/wp-json\/wp\/v2\/media?parent=1266"}],"curies":[{"name":"wp","href":"https:\/\/api.w.org\/{rel}","templated":true}]}}