{"id":1264,"date":"2016-12-06T16:05:02","date_gmt":"2016-12-06T16:05:02","guid":{"rendered":"http:\/\/www.ldfm.ca\/frederick-movers-cares\/"},"modified":"2024-01-08T17:37:54","modified_gmt":"2024-01-08T17:37:54","slug":"les-demenageurs-frederick-a-coeur","status":"publish","type":"page","link":"https:\/\/www.ldfm.ca\/fr\/les-demenageurs-frederick-a-coeur\/","title":{"rendered":"Les D\u00e9m\u00e9nageurs Frederick \u00e0 c\u0153ur"},"content":{"rendered":"<div class=\"wpb-content-wrapper\"><p>[vc_row][vc_column width=&#8221;2\/3&#8243;][vc_column_text]Puisque nous adoptons un programme de travail cherchant \u00e0 cr\u00e9er un impact positif et significatif sur nos jeunes et notre communaut\u00e9, nous sommes fiers de nous associer \u00e0 la <a href=\"http:\/\/montrealcommunitycares.com\/\"><em>Fondation Communaut\u00e9 Montr\u00e9al \u00e0<\/em> <em>c\u0153ur<\/em><\/a>. Fond\u00e9e en 2012 par le pr\u00e9sident et fondateur M. Denburke Reid, la mission de cet organisme \u00e0 but non lucratif est d\u2019\u00e9duquer et d\u2019habiliter nos jeunes \u00e0 travers une myriade de programmes novateurs. Parmi ces derniers, le programme \u00ab Red Rush Basketball Leadership \u00bb aide les membres \u00e0 exceller aux niveaux acad\u00e9mique et sportif, alors que le programme \u00ab Montr\u00e9al \u00e0 C\u0153ur et en partage \u00bb distribue des jouets durant\u00a0le temps des f\u00eates dans les \u00e9coles, les foyers d&#8217;accueil et les centres communautaires \u00e0 travers la ville de Montr\u00e9al et organise un souper de No\u00ebl pour les familles les plus d\u00e9munies. Chez <em>Les D\u00e9m\u00e9nageurs Frederick,<\/em> nous sommes honor\u00e9s de pouvoir jumeler nos ressources aux forces et comp\u00e9tences de la <em>Fondation Communaut\u00e9 Montr\u00e9al \u00e0<\/em> <em>c\u0153ur<\/em>. Nous avons toujours maintenu un profond respect pour les valeurs et principes que M. Reid transmet \u00e0 travers ses programmes. Nous sommes donc heureux d&#8217;affirmer que ces id\u00e9ologies repr\u00e9sentent la base de notre structure, rendant notre approche unique et humaine. Ensemble, avec un partenaire solide comme la <em>Fondation Communaut\u00e9 Montr\u00e9al \u00e0<\/em> <em>c\u0153ur, <\/em>nous sommes enthousiastes et engag\u00e9s \u00e0 inspirer et b\u00e2tir notre communaut\u00e9 vers de nouveaux sommets de r\u00e9ussite![\/vc_column_text][\/vc_column][vc_column width=&#8221;1\/3&#8243;][vc_row_inner][vc_column_inner][vc_single_image image=&#8221;1223&#8243; img_size=&#8221;full&#8221; alignment=&#8221;center&#8221; style=&#8221;vc_box_rounded&#8221; onclick=&#8221;custom_link&#8221; link=&#8221;http:\/\/www.montrealcommunitycares.com&#8221;][\/vc_column_inner][\/vc_row_inner][vc_separator][\/vc_column][\/vc_row]<\/p>\n<\/div>","protected":false},"excerpt":{"rendered":"<p>[vc_row][vc_column width=&#8221;2\/3&#8243;][vc_column_text]Puisque nous adoptons un programme de travail cherchant \u00e0 cr\u00e9er un impact positif et significatif sur nos jeunes et notre communaut\u00e9, nous sommes fiers de nous associer \u00e0 la Fondation Communaut\u00e9 Montr\u00e9al \u00e0 c\u0153ur. Fond\u00e9e en 2012 par le pr\u00e9sident et fondateur M. Denburke Reid, la mission de cet organisme \u00e0 but non lucratif<\/p>\n","protected":false},"author":1,"featured_media":0,"parent":0,"menu_order":0,"comment_status":"closed","ping_status":"closed","template":"","meta":{"footnotes":""},"class_list":["post-1264","page","type-page","status-publish","hentry"],"_links":{"self":[{"href":"https:\/\/www.ldfm.ca\/fr\/wp-json\/wp\/v2\/pages\/1264","targetHints":{"allow":["GET"]}}],"collection":[{"href":"https:\/\/www.ldfm.ca\/fr\/wp-json\/wp\/v2\/pages"}],"about":[{"href":"https:\/\/www.ldfm.ca\/fr\/wp-json\/wp\/v2\/types\/page"}],"author":[{"embeddable":true,"href":"https:\/\/www.ldfm.ca\/fr\/wp-json\/wp\/v2\/users\/1"}],"replies":[{"embeddable":true,"href":"https:\/\/www.ldfm.ca\/fr\/wp-json\/wp\/v2\/comments?post=1264"}],"version-history":[{"count":1,"href":"https:\/\/www.ldfm.ca\/fr\/wp-json\/wp\/v2\/pages\/1264\/revisions"}],"predecessor-version":[{"id":1265,"href":"https:\/\/www.ldfm.ca\/fr\/wp-json\/wp\/v2\/pages\/1264\/revisions\/1265"}],"wp:attachment":[{"href":"https:\/\/www.ldfm.ca\/fr\/wp-json\/wp\/v2\/media?parent=1264"}],"curies":[{"name":"wp","href":"https:\/\/api.w.org\/{rel}","templated":true}]}}