{"id":1260,"date":"2016-10-27T19:11:25","date_gmt":"2016-10-27T19:11:25","guid":{"rendered":"http:\/\/www.ldfm.ca\/our-services\/"},"modified":"2024-01-08T17:38:28","modified_gmt":"2024-01-08T17:38:28","slug":"ce-que-nous-faisons","status":"publish","type":"page","link":"https:\/\/www.ldfm.ca\/fr\/ce-que-nous-faisons\/","title":{"rendered":"Ce que nous faisons"},"content":{"rendered":"<div class=\"wpb-content-wrapper\"><p>[vc_row][vc_column][vc_toggle title=&#8221;R\u00e9sidentiel&#8221; open=&#8221;true&#8221; el_id=&#8221;1477595597069-649392fe-b65f&#8221;]Que ce soit pour vous installer dans un condominium, un appartement, une maison, un centre de retraite ou un centre d\u2019entreposage, il n\u2019y a jamais de trop petits ou de trop gros travaux. Nous avons tous les outils et qualifications n\u00e9cessaires afin de vous garantir un d\u00e9m\u00e9nagement libre de tout stress. En \u00e9valuant chacun de vos biens et les besoins sp\u00e9cifiques de chacun d\u2019eux avant leur manipulation, nous sommes en mesure de d\u00e9terminer la grandeur du camion requis, ainsi que le nombre d\u2019employ\u00e9s \u00e0 d\u00e9ployer pour le d\u00e9m\u00e9nagement, ne laissant donc place \u00e0 aucun risque ni frais impr\u00e9vu apr\u00e8s avoir re\u00e7u les services.[\/vc_toggle][vc_toggle title=&#8221;Commercial&#8221; open=&#8221;true&#8221; el_id=&#8221;1477595597094-5a33ba10-1f71&#8243;]Chez <em>Les D\u00e9m\u00e9nageurs Frederick,<\/em> nous savons \u00e0 quel point il est important de maintenir les op\u00e9rations commerciales de votre entreprise tout au long de l\u2019ann\u00e9e. Ainsi, avoir \u00e0 relocaliser votre entreprise peut sembler une t\u00e2che ardue et co\u00fbteuse, particuli\u00e8rement lorsque l\u2019interruption des op\u00e9rations est prise en consid\u00e9ration. Voil\u00e0 pourquoi nous rendons votre entreprise notre priorit\u00e9 en vous \u00e9paulant \u00e0 travers chacune des \u00e9tapes du processus de d\u00e9m\u00e9nagement, \u00e0 savoir:<\/p>\n<ol>\n<li>Une estimation gratuite<\/li>\n<li>La discussion du plan d&#8217;ex\u00e9cution correspondant \u00e0 vos besoins<\/li>\n<li>Le d\u00e9montage et le remontage de tous les \u00e9quipements et marchandises<\/li>\n<li>L\u2019emballage et le d\u00e9ballage<\/li>\n<li>Le transport<\/li>\n<li>6) La relocalisation et le placement de tous les biens<\/li>\n<\/ol>\n<p>Tout au long du processus, nous nous engageons \u00e0 rendre votre entreprise fonctionnelle aussit\u00f4t que pr\u00e9vu et selon le budget \u00e9valu\u00e9. [\/vc_toggle][vc_toggle title=&#8221;Longue distance&#8221; open=&#8221;true&#8221; el_id=&#8221;1477595597122-386eb1f3-2539&#8243;]Prendre la d\u00e9cision de d\u00e9m\u00e9nager \u00e0 l\u2019ext\u00e9rieur de la ville peut s\u2019av\u00e9rer fort difficile. En choisissant <em>Les D\u00e9m\u00e9nageurs Frederick <\/em>pour vos besoins de transport longue distance \u00e0 travers le Canada et les \u00c9tats-Unis, vous r\u00e9duirez une partie du fardeau et du stress li\u00e9s au d\u00e9m\u00e9nagement. Nous comptons plusieurs francs succ\u00e8s de d\u00e9m\u00e9nagements transcanadiens et transnationaux, tels que vers l\u2019Ontario, la Nouvelle-\u00c9cosse et New York. Nous sommes donc pleinement conscients de la planification et l&#8217;organisation n\u00e9cessaires pour garantir la satisfaction de chacun de nos clients. Par ailleurs, notez que nous nous ferons un plaisir de vous aider avec toutes les exigences douani\u00e8res et les formalit\u00e9s administratives lors du transport de vos biens aux \u00c9tats-Unis et ainsi, minimiser les difficult\u00e9s et les inconv\u00e9nients inutiles li\u00e9s au d\u00e9m\u00e9nagement.[\/vc_toggle][vc_toggle title=&#8221;Livraison&#8221; open=&#8221;true&#8221; el_id=&#8221;1477595597151-2fcc4bce-ef7d&#8221;]Vous venez tout juste de vous acheter un canap\u00e9 sur <em>Kijiji<\/em>, mais n\u2019avez aucun moyen de le transporter jusqu&#8217;\u00e0 votre domicile\u00a0? Votre compagnie est-elle \u00e0 la recherche d\u2019un service de livraison sur lequel elle peut compter\u00a0? Appelez <em>Les D\u00e9m\u00e9nageurs Frederick <\/em>pour tous vos besoins de livraison, car chez nous, nous reconnaissons l\u2019importance que vous portez au maintien de l\u2019excellence de votre service \u00e0 la client\u00e8le. Non seulement nous nous engageons \u00e0 traiter vos biens comme s\u2019ils \u00e9taient les n\u00f4tres, mais nous vous promettons de servir votre pr\u00e9cieuse client\u00e8le comme la n\u00f4tre\u00a0![\/vc_toggle][\/vc_column][\/vc_row]<\/p>\n<\/div>","protected":false},"excerpt":{"rendered":"<p>[vc_row][vc_column][vc_toggle title=&#8221;R\u00e9sidentiel&#8221; open=&#8221;true&#8221; el_id=&#8221;1477595597069-649392fe-b65f&#8221;]Que ce soit pour vous installer dans un condominium, un appartement, une maison, un centre de retraite ou un centre d\u2019entreposage, il n\u2019y a jamais de trop petits ou de trop gros travaux. Nous avons tous les outils et qualifications n\u00e9cessaires afin de vous garantir un d\u00e9m\u00e9nagement libre de tout stress. En<\/p>\n","protected":false},"author":1,"featured_media":0,"parent":0,"menu_order":0,"comment_status":"closed","ping_status":"closed","template":"","meta":{"footnotes":""},"class_list":["post-1260","page","type-page","status-publish","hentry"],"_links":{"self":[{"href":"https:\/\/www.ldfm.ca\/fr\/wp-json\/wp\/v2\/pages\/1260","targetHints":{"allow":["GET"]}}],"collection":[{"href":"https:\/\/www.ldfm.ca\/fr\/wp-json\/wp\/v2\/pages"}],"about":[{"href":"https:\/\/www.ldfm.ca\/fr\/wp-json\/wp\/v2\/types\/page"}],"author":[{"embeddable":true,"href":"https:\/\/www.ldfm.ca\/fr\/wp-json\/wp\/v2\/users\/1"}],"replies":[{"embeddable":true,"href":"https:\/\/www.ldfm.ca\/fr\/wp-json\/wp\/v2\/comments?post=1260"}],"version-history":[{"count":3,"href":"https:\/\/www.ldfm.ca\/fr\/wp-json\/wp\/v2\/pages\/1260\/revisions"}],"predecessor-version":[{"id":1319,"href":"https:\/\/www.ldfm.ca\/fr\/wp-json\/wp\/v2\/pages\/1260\/revisions\/1319"}],"wp:attachment":[{"href":"https:\/\/www.ldfm.ca\/fr\/wp-json\/wp\/v2\/media?parent=1260"}],"curies":[{"name":"wp","href":"https:\/\/api.w.org\/{rel}","templated":true}]}}