{"id":1257,"date":"2016-10-27T19:08:58","date_gmt":"2016-10-27T19:08:58","guid":{"rendered":"http:\/\/www.ldfm.ca\/work-program\/"},"modified":"2024-01-08T17:38:23","modified_gmt":"2024-01-08T17:38:23","slug":"programme-de-travail","status":"publish","type":"page","link":"https:\/\/www.ldfm.ca\/fr\/programme-de-travail\/","title":{"rendered":"Programme de travail"},"content":{"rendered":"<div class=\"wpb-content-wrapper\"><p>[vc_row][vc_column width=&#8221;2\/3&#8243;][vc_column_text]En plus d\u2019offrir \u00e0 nos pr\u00e9cieux clients un service de transport de premi\u00e8re classe, <em>Les D\u00e9m\u00e9nageurs Frederick <\/em>est fi\u00e8re d\u2019\u00eatre impliqu\u00e9e aupr\u00e8s de sa communaut\u00e9 en offrant des emplois aux jeunes adultes. Certains de nos employ\u00e9s les plus remarquables ont \u00e9t\u00e9 s\u00e9lectionn\u00e9s \u00e0 partir de divers programmes de Basket-ball \u00e0 travers la ville. Nous leurs donnons non seulement l\u2019opportunit\u00e9 de gagner un revenu et de payer leurs activit\u00e9s acad\u00e9miques et sportives, mais \u00e9galement les outils n\u00e9cessaires pour d\u00e9velopper des m\u00e9thodes et \u00e9thiques de travail et acqu\u00e9rir une exp\u00e9rience de travail in\u00e9gale, qui pourrait m\u00eame \u00e9ventuellement mener au d\u00e9marrage de leur propre entreprise!<\/p>\n<p>Chez <em>Les D\u00e9m\u00e9nageurs Frederick<\/em>, nous adoptons les m\u00eames principes de travail que plusieurs de nos employ\u00e9s utilisent lors d\u2019un match de basket-ball. Ainsi, dans le but d\u2019exceller dans une t\u00e2che, tous se doivent d\u2019abord de maitriser les principes de base, puis combiner leurs efforts et valoriser le r\u00f4le et le talent unique de chacun, afin de maximiser le travail compl\u00e9t\u00e9 d\u2019une \u00e9quipe. Chaque personne doit se d\u00e9vouer \u00e0 son \u00e9quipe et travailler de concert pour tirer parti des points forts de chacune. Lorsque confront\u00e9e \u00e0 un obstacle, qui peut sembler \u00e0 premi\u00e8re vue insurmontable, l\u2019\u00e9quipe se dote des ressources appropri\u00e9es, d\u2019un sens de responsabilit\u00e9 et surtout, d\u2019un engagement \u00e0 g\u00e9rer le travail avec confiance, de mani\u00e8re constructive et positive. Tous et chacun de nos d\u00e9m\u00e9nageurs ont \u00e9t\u00e9 nourris de ces valeurs et vous serviront avec le m\u00eame engagement.<\/p>\n<p>\u00c0 pr\u00e9sent, le choix devrait vous \u00eatre clair: choisir <em>Les D\u00e9m\u00e9nageurs Frederick<\/em> pour tous vos besoins de transport et d\u00e9m\u00e9nagement, afin d\u2019assurer un travail de qualit\u00e9 et fa\u00e7onner un avenir couronn\u00e9 de succ\u00e8s et prosp\u00e8re \u00e0 nos jeunes adultes![\/vc_column_text][\/vc_column][vc_column width=&#8221;1\/3&#8243;][vc_custom_heading text=&#8221;Contactez-nous&#8221; google_fonts=&#8221;font_family:Montserrat%3Aregular%2C700|font_style:400%20regular%3A400%3Anormal&#8221;][vc_row_inner][vc_column_inner][vc_single_image image=&#8221;1173&#8243; img_size=&#8221;full&#8221; style=&#8221;vc_box_rounded&#8221;][vc_column_text]Pour en apprendre davantage sur <strong>le Programme de travail des D\u00e9m\u00e9nageurs Frederick<\/strong>, contactez-nous en cliquant sur le lien suivant: [\/vc_column_text][\/vc_column_inner][\/vc_row_inner][vc_separator][vc_btn title=&#8221;Contactez-nous&#8221; link=&#8221;url:http%3A%2F%2Fwww.ldfm.ca%2Fcontact-us%2F|title:Contact%20Us|&#8221;][\/vc_column][\/vc_row]<\/p>\n<\/div>","protected":false},"excerpt":{"rendered":"<p>[vc_row][vc_column width=&#8221;2\/3&#8243;][vc_column_text]En plus d\u2019offrir \u00e0 nos pr\u00e9cieux clients un service de transport de premi\u00e8re classe, Les D\u00e9m\u00e9nageurs Frederick est fi\u00e8re d\u2019\u00eatre impliqu\u00e9e aupr\u00e8s de sa communaut\u00e9 en offrant des emplois aux jeunes adultes. Certains de nos employ\u00e9s les plus remarquables ont \u00e9t\u00e9 s\u00e9lectionn\u00e9s \u00e0 partir de divers programmes de Basket-ball \u00e0 travers la ville. Nous<\/p>\n","protected":false},"author":1,"featured_media":0,"parent":0,"menu_order":0,"comment_status":"closed","ping_status":"closed","template":"","meta":{"footnotes":""},"class_list":["post-1257","page","type-page","status-publish","hentry"],"_links":{"self":[{"href":"https:\/\/www.ldfm.ca\/fr\/wp-json\/wp\/v2\/pages\/1257","targetHints":{"allow":["GET"]}}],"collection":[{"href":"https:\/\/www.ldfm.ca\/fr\/wp-json\/wp\/v2\/pages"}],"about":[{"href":"https:\/\/www.ldfm.ca\/fr\/wp-json\/wp\/v2\/types\/page"}],"author":[{"embeddable":true,"href":"https:\/\/www.ldfm.ca\/fr\/wp-json\/wp\/v2\/users\/1"}],"replies":[{"embeddable":true,"href":"https:\/\/www.ldfm.ca\/fr\/wp-json\/wp\/v2\/comments?post=1257"}],"version-history":[{"count":3,"href":"https:\/\/www.ldfm.ca\/fr\/wp-json\/wp\/v2\/pages\/1257\/revisions"}],"predecessor-version":[{"id":1313,"href":"https:\/\/www.ldfm.ca\/fr\/wp-json\/wp\/v2\/pages\/1257\/revisions\/1313"}],"wp:attachment":[{"href":"https:\/\/www.ldfm.ca\/fr\/wp-json\/wp\/v2\/media?parent=1257"}],"curies":[{"name":"wp","href":"https:\/\/api.w.org\/{rel}","templated":true}]}}