{"id":1254,"date":"2016-01-06T11:31:27","date_gmt":"2016-01-06T11:31:27","guid":{"rendered":"http:\/\/www.ldfm.ca\/who-we-are\/"},"modified":"2024-01-08T17:38:34","modified_gmt":"2024-01-08T17:38:34","slug":"qui-sommes-nous","status":"publish","type":"page","link":"https:\/\/www.ldfm.ca\/fr\/qui-sommes-nous\/","title":{"rendered":"Qui sommes-nous"},"content":{"rendered":"<div class=\"wpb-content-wrapper\"><p>[vc_row css=&#8221;.vc_custom_1451991003825{margin-bottom: 100px !important;}&#8221;][vc_column width=&#8221;3\/4&#8243;][vc_column_text css=&#8221;.vc_custom_1483116823918{margin-top: 45px !important;}&#8221;]<\/p>\n<h2>Qui sommes-nous?<\/h2>\n<p>\u00c9tablie depuis 2011, Les D\u00e9m\u00e9nageurs Frederick est une entreprise familiale sp\u00e9cialis\u00e9e dans le transport et le d\u00e9m\u00e9nagement r\u00e9sidentiel et commercial, dans la r\u00e9gion de Montr\u00e9al et de ses environs. En tant que propri\u00e9taires d\u2019une petite entreprise, nous avons su d\u00e9velopper une relation personnalis\u00e9e et adapt\u00e9e \u00e0 chacun de nos clients. L\u2019excellence de notre service \u00e0 la client\u00e8le se veut notre plus grande priorit\u00e9. Consid\u00e9rant que notre publicit\u00e9 des cinq derni\u00e8res ann\u00e9es ne s\u2019est faite que par le biais du \u00ab bouche \u00e0 oreille \u00bb de clients satisfaits, il semble que notre travail soit bel et bien de haute qualit\u00e9 ! Notre objectif est simple : rendre votre d\u00e9m\u00e9nagement aussi facile et efficient que possible, tout en travaillant soigneusement et en s\u2019assurant que vos effets se rendent \u00e0 destination intacts. Nous vous promettons de traiter vos biens comme s\u2019ils \u00e9taient les n\u00f4tres ![\/vc_column_text][vc_single_image image=&#8221;1144&#8243; img_size=&#8221;full&#8221; alignment=&#8221;center&#8221;][\/vc_column][vc_column width=&#8221;1\/4&#8243;][stm_sidebar sidebar=&#8221;1316&#8243;][\/vc_column][\/vc_row][vc_row full_width=&#8221;stretch_row&#8221; el_class=&#8221;third_bg_color&#8221; css=&#8221;.vc_custom_1451889219674{margin-bottom: -60px !important;}&#8221;][vc_column][vc_cta h2=&#8221;Vous avez besoin d&#8217;une estimation ? &#8221; h2_font_container=&#8221;font_size:20px|color:%23000000|line_height:24px&#8221; h2_use_theme_fonts=&#8221;yes&#8221; shape=&#8221;square&#8221; style=&#8221;flat&#8221; add_button=&#8221;right&#8221; btn_title=&#8221;Obtenir un estimation&#8221; btn_style=&#8221;flat&#8221; btn_color=&#8221;theme_style_2&#8243; btn_align=&#8221;right&#8221; btn_i_align=&#8221;right&#8221; btn_i_icon_fontawesome=&#8221;fa fa-chevron-right&#8221; btn_add_icon=&#8221;true&#8221; btn_button_block=&#8221;true&#8221; el_class=&#8221;third_bg_color&#8221; css=&#8221;.vc_custom_1486017264320{margin-bottom: 0px !important;}&#8221; use_custom_fonts_h2=&#8221;true&#8221; btn_link=&#8221;url:http%3A%2F%2Fwww.ldfm.ca%2Frequest-a-quote%2F|title:Request%20a%20Quote|&#8221;][\/vc_cta][\/vc_column][\/vc_row]<\/p>\n<\/div>","protected":false},"excerpt":{"rendered":"<p>[vc_row css=&#8221;.vc_custom_1451991003825{margin-bottom: 100px !important;}&#8221;][vc_column width=&#8221;3\/4&#8243;][vc_column_text css=&#8221;.vc_custom_1483116823918{margin-top: 45px !important;}&#8221;] Qui sommes-nous? \u00c9tablie depuis 2011, Les D\u00e9m\u00e9nageurs Frederick est une entreprise familiale sp\u00e9cialis\u00e9e dans le transport et le d\u00e9m\u00e9nagement r\u00e9sidentiel et commercial, dans la r\u00e9gion de Montr\u00e9al et de ses environs. En tant que propri\u00e9taires d\u2019une petite entreprise, nous avons su d\u00e9velopper une relation personnalis\u00e9e et adapt\u00e9e<\/p>\n","protected":false},"author":1,"featured_media":0,"parent":0,"menu_order":0,"comment_status":"closed","ping_status":"closed","template":"","meta":{"footnotes":""},"class_list":["post-1254","page","type-page","status-publish","hentry"],"_links":{"self":[{"href":"https:\/\/www.ldfm.ca\/fr\/wp-json\/wp\/v2\/pages\/1254","targetHints":{"allow":["GET"]}}],"collection":[{"href":"https:\/\/www.ldfm.ca\/fr\/wp-json\/wp\/v2\/pages"}],"about":[{"href":"https:\/\/www.ldfm.ca\/fr\/wp-json\/wp\/v2\/types\/page"}],"author":[{"embeddable":true,"href":"https:\/\/www.ldfm.ca\/fr\/wp-json\/wp\/v2\/users\/1"}],"replies":[{"embeddable":true,"href":"https:\/\/www.ldfm.ca\/fr\/wp-json\/wp\/v2\/comments?post=1254"}],"version-history":[{"count":4,"href":"https:\/\/www.ldfm.ca\/fr\/wp-json\/wp\/v2\/pages\/1254\/revisions"}],"predecessor-version":[{"id":1317,"href":"https:\/\/www.ldfm.ca\/fr\/wp-json\/wp\/v2\/pages\/1254\/revisions\/1317"}],"wp:attachment":[{"href":"https:\/\/www.ldfm.ca\/fr\/wp-json\/wp\/v2\/media?parent=1254"}],"curies":[{"name":"wp","href":"https:\/\/api.w.org\/{rel}","templated":true}]}}